{"id":7232,"date":"2024-01-08T17:34:21","date_gmt":"2024-01-08T14:34:21","guid":{"rendered":"https:\/\/www.bmaq.org\/?page_id=7232"},"modified":"2024-01-08T21:07:10","modified_gmt":"2024-01-08T18:07:10","slug":"message-royal","status":"publish","type":"page","link":"https:\/\/www.bmaq.org\/fr\/message-royal\/","title":{"rendered":"Sa Majest\u00e9 le Roi salue le r\u00f4le de l&rsquo;Agence Bayt Mal Al-Qods Al-Sharif dans la documentation des \u00abExemples pr\u00e9cieux de relations de solidarit\u00e9 fortes et de longue date \u00bb entre les Marocains et Al-Quds Al-Sharif en g\u00e9n\u00e9ral et la mosqu\u00e9e Al-Aqsa en particulier."},"content":{"rendered":"<p><img loading=\"lazy\" decoding=\"async\" class=\"wp-image-6068 alignright\" src=\"https:\/\/www.bmaq.org\/wp-content\/uploads\/2023\/11\/WhatsApp-Image-2023-11-13-at-10.53.34-1-300x221.jpeg\" alt=\"\" width=\"544\" height=\"401\" srcset=\"https:\/\/www.bmaq.org\/wp-content\/uploads\/2023\/11\/WhatsApp-Image-2023-11-13-at-10.53.34-1-300x221.jpeg 300w, https:\/\/www.bmaq.org\/wp-content\/uploads\/2023\/11\/WhatsApp-Image-2023-11-13-at-10.53.34-1-1024x753.jpeg 1024w, https:\/\/www.bmaq.org\/wp-content\/uploads\/2023\/11\/WhatsApp-Image-2023-11-13-at-10.53.34-1-768x564.jpeg 768w, https:\/\/www.bmaq.org\/wp-content\/uploads\/2023\/11\/WhatsApp-Image-2023-11-13-at-10.53.34-1-1536x1129.jpeg 1536w, https:\/\/www.bmaq.org\/wp-content\/uploads\/2023\/11\/WhatsApp-Image-2023-11-13-at-10.53.34-1.jpeg 1600w\" sizes=\"auto, (max-width: 544px) 100vw, 544px\" \/>Sa Majest\u00e9 le Roi Mohammed VI, Pr\u00e9sident du Comit\u00e9 Al-Qods, a salu\u00e9 le r\u00f4le de l&rsquo;Agence Bayt Mal Al-Qods Al-Sharif dans la documentation de \u00ab pr\u00e9cieux exemples des relations de solidarit\u00e9 fortes et de longue date qui ont toujours li\u00e9 les Marocains au Ville Sainte d&rsquo;Al-Quds Al-Sharif en g\u00e9n\u00e9ral et \u00e0 la Mosqu\u00e9e Al-Aqsa en particulier.<br \/>\nDans un message royal que Sa Majest\u00e9 a aimablement adress\u00e9 au directeur charg\u00e9 de la gestion de l&rsquo;Agence, Mohamed Salem Cherkaoui, on lit : \u00ab Nous avons re\u00e7u avec un accueil chaleureux la collection de publications de l&rsquo;Agence Bayt Mal Al-Quds Al-Sharif pour l&rsquo;ann\u00e9e 2023, qui documente de pr\u00e9cieux exemples des relations de solidarit\u00e9 fortes et de longue date qui ont toujours li\u00e9 les Marocains \u00e0 la Ville d&rsquo;Al-Quds Al-Sharif, en g\u00e9n\u00e9ral et \u00e0 la Mosqu\u00e9e Al-Aqsa en particulier.<br \/>\nEn saluant \u00ab cette bonne initiative \u00bb, Sa Majest\u00e9 a rendu hommage aux \u00abefforts louables d\u00e9ploy\u00e9s par cette institution pour incarner ce que nous, en notre qualit\u00e9 de pr\u00e9sident du Comit\u00e9 Al-Qods, aspirons \u00e0 lui voir en termes de r\u00f4le pionnier dans le soutien de la capitale sociale, intellectuelle et religieuse de la Sainte Ville d\u2019Al-Qods et de pr\u00e9servation de son ancienne m\u00e9moire culturelle et architecturale \u00bb.<br \/>\nSa Majest\u00e9 le Roi a \u00e9galement exprim\u00e9 \u00ab\u00a0l&rsquo;excellente affection\u00a0\u00bb de Sa Majest\u00e9 au directeur charg\u00e9 de la gestion de l&rsquo;Agence ainsi qu&rsquo;\u00e0 tous ses cadres et employ\u00e9s, leur souhaitant \u00ab\u00a0un succ\u00e8s continu et des progr\u00e8s dans vos nobles t\u00e2ches\u00a0\u00bb.<\/p>\n","protected":false},"excerpt":{"rendered":"<p>Sa Majest\u00e9 le Roi Mohammed VI, Pr\u00e9sident du Comit\u00e9 Al-Qods, a salu\u00e9 le r\u00f4le de l&rsquo;Agence Bayt Mal Al-Qods Al-Sharif dans la documentation de \u00ab pr\u00e9cieux exemples des relations de solidarit\u00e9 fortes et de longue date qui ont toujours li\u00e9 les Marocains au Ville Sainte d&rsquo;Al-Quds Al-Sharif en g\u00e9n\u00e9ral et \u00e0 la Mosqu\u00e9e Al-Aqsa en&hellip;<\/p>\n","protected":false},"author":2,"featured_media":0,"parent":0,"menu_order":0,"comment_status":"closed","ping_status":"closed","template":"","meta":{"inline_featured_image":false,"footnotes":""},"class_list":["post-7232","page","type-page","status-publish","hentry","description-off"],"_links":{"self":[{"href":"https:\/\/www.bmaq.org\/fr\/wp-json\/wp\/v2\/pages\/7232","targetHints":{"allow":["GET"]}}],"collection":[{"href":"https:\/\/www.bmaq.org\/fr\/wp-json\/wp\/v2\/pages"}],"about":[{"href":"https:\/\/www.bmaq.org\/fr\/wp-json\/wp\/v2\/types\/page"}],"author":[{"embeddable":true,"href":"https:\/\/www.bmaq.org\/fr\/wp-json\/wp\/v2\/users\/2"}],"replies":[{"embeddable":true,"href":"https:\/\/www.bmaq.org\/fr\/wp-json\/wp\/v2\/comments?post=7232"}],"version-history":[{"count":5,"href":"https:\/\/www.bmaq.org\/fr\/wp-json\/wp\/v2\/pages\/7232\/revisions"}],"predecessor-version":[{"id":7249,"href":"https:\/\/www.bmaq.org\/fr\/wp-json\/wp\/v2\/pages\/7232\/revisions\/7249"}],"wp:attachment":[{"href":"https:\/\/www.bmaq.org\/fr\/wp-json\/wp\/v2\/media?parent=7232"}],"curies":[{"name":"wp","href":"https:\/\/api.w.org\/{rel}","templated":true}]}}