{"id":6486,"date":"2023-09-26T19:30:37","date_gmt":"2023-09-26T16:30:37","guid":{"rendered":"https:\/\/www.bmaq.org\/?page_id=6486"},"modified":"2024-01-15T11:44:24","modified_gmt":"2024-01-15T08:44:24","slug":"le-jubile-dargent","status":"publish","type":"page","link":"https:\/\/www.bmaq.org\/fr\/la-visite-virtuelle\/le-jubile-dargent\/","title":{"rendered":"Le Jubil\u00e9 d&rsquo;Argent"},"content":{"rendered":"<p><strong>Le Jubil\u00e9 d&rsquo;Argent<\/strong><\/p>\n<p style=\"text-align: justify;\"><span lang=\"FR\">Sa Majest\u00e9 le Roi Mohammed VI, que Dieu le prot\u00e8ge, a honor\u00e9 le personnel de l&rsquo;agence et ses collaborateurs lors de la c\u00e9l\u00e9bration du Jubil\u00e9 d&rsquo;Argent de l&rsquo;agence. Dans un message royal, Sa Majest\u00e9 a salu\u00e9 \u00ab\u00a0les louables efforts d\u00e9ploy\u00e9s par cette institution pour concr\u00e9tiser nos aspirations en tant que pr\u00e9sident du comit\u00e9 d\u2019Alqods, en jouant un r\u00f4le pr\u00e9pond\u00e9rant dans le soutien du capital humain, intellectuel, et religieux d\u2019 Alqods Acharif. L&rsquo;agence contribue \u00e9galement \u00e0 la pr\u00e9servation de sa m\u00e9moire culturelle et architecturale prestigieuse\u00a0\u00bb.<\/span><\/p>\n","protected":false},"excerpt":{"rendered":"<p>Le Jubil\u00e9 d&rsquo;Argent Sa Majest\u00e9 le Roi Mohammed VI, que Dieu le prot\u00e8ge, a honor\u00e9 le personnel de l&rsquo;agence et ses collaborateurs lors de la c\u00e9l\u00e9bration du Jubil\u00e9 d&rsquo;Argent de l&rsquo;agence. Dans un message royal, Sa Majest\u00e9 a salu\u00e9 \u00ab\u00a0les louables efforts d\u00e9ploy\u00e9s par cette institution pour concr\u00e9tiser nos aspirations en tant que pr\u00e9sident du&hellip;<\/p>\n","protected":false},"author":2,"featured_media":0,"parent":6477,"menu_order":0,"comment_status":"closed","ping_status":"closed","template":"","meta":{"inline_featured_image":false,"footnotes":""},"class_list":["post-6486","page","type-page","status-publish","hentry","description-off"],"_links":{"self":[{"href":"https:\/\/www.bmaq.org\/fr\/wp-json\/wp\/v2\/pages\/6486","targetHints":{"allow":["GET"]}}],"collection":[{"href":"https:\/\/www.bmaq.org\/fr\/wp-json\/wp\/v2\/pages"}],"about":[{"href":"https:\/\/www.bmaq.org\/fr\/wp-json\/wp\/v2\/types\/page"}],"author":[{"embeddable":true,"href":"https:\/\/www.bmaq.org\/fr\/wp-json\/wp\/v2\/users\/2"}],"replies":[{"embeddable":true,"href":"https:\/\/www.bmaq.org\/fr\/wp-json\/wp\/v2\/comments?post=6486"}],"version-history":[{"count":3,"href":"https:\/\/www.bmaq.org\/fr\/wp-json\/wp\/v2\/pages\/6486\/revisions"}],"predecessor-version":[{"id":8550,"href":"https:\/\/www.bmaq.org\/fr\/wp-json\/wp\/v2\/pages\/6486\/revisions\/8550"}],"up":[{"embeddable":true,"href":"https:\/\/www.bmaq.org\/fr\/wp-json\/wp\/v2\/pages\/6477"}],"wp:attachment":[{"href":"https:\/\/www.bmaq.org\/fr\/wp-json\/wp\/v2\/media?parent=6486"}],"curies":[{"name":"wp","href":"https:\/\/api.w.org\/{rel}","templated":true}]}}