{"id":6465,"date":"2023-09-26T19:27:39","date_gmt":"2023-09-26T16:27:39","guid":{"rendered":"https:\/\/www.bmaq.org\/?page_id=6465"},"modified":"2024-01-15T11:46:52","modified_gmt":"2024-01-15T08:46:52","slug":"actualites","status":"publish","type":"page","link":"https:\/\/www.bmaq.org\/fr\/le-centre-mediatique\/actualites\/","title":{"rendered":"La Lettre d&rsquo;Information"},"content":{"rendered":"<p>&nbsp;<\/p>\n<p>&nbsp;<\/p>\n<p style=\"direction: ltr; text-align: start;\"><strong><span lang=\"FR\">La Lettre d&rsquo;Information<\/span><\/strong><\/p>\n<p style=\"direction: ltr; text-align: start;\"><span lang=\"FR\">Elle fournit des informations suppl\u00e9mentaires et vous tient inform\u00e9 des derni\u00e8res actualit\u00e9s, m\u00e9dias et donn\u00e9es li\u00e9es aux activit\u00e9s de l&rsquo;agence via une lettre d&rsquo;information \u00e9lectronique.<\/span><\/p>\n","protected":false},"excerpt":{"rendered":"<p>&nbsp; &nbsp; La Lettre d&rsquo;Information Elle fournit des informations suppl\u00e9mentaires et vous tient inform\u00e9 des derni\u00e8res actualit\u00e9s, m\u00e9dias et donn\u00e9es li\u00e9es aux activit\u00e9s de l&rsquo;agence via une lettre d&rsquo;information \u00e9lectronique.<\/p>\n","protected":false},"author":2,"featured_media":0,"parent":6459,"menu_order":0,"comment_status":"closed","ping_status":"closed","template":"","meta":{"inline_featured_image":false,"footnotes":""},"class_list":["post-6465","page","type-page","status-publish","hentry","description-off"],"_links":{"self":[{"href":"https:\/\/www.bmaq.org\/fr\/wp-json\/wp\/v2\/pages\/6465","targetHints":{"allow":["GET"]}}],"collection":[{"href":"https:\/\/www.bmaq.org\/fr\/wp-json\/wp\/v2\/pages"}],"about":[{"href":"https:\/\/www.bmaq.org\/fr\/wp-json\/wp\/v2\/types\/page"}],"author":[{"embeddable":true,"href":"https:\/\/www.bmaq.org\/fr\/wp-json\/wp\/v2\/users\/2"}],"replies":[{"embeddable":true,"href":"https:\/\/www.bmaq.org\/fr\/wp-json\/wp\/v2\/comments?post=6465"}],"version-history":[{"count":5,"href":"https:\/\/www.bmaq.org\/fr\/wp-json\/wp\/v2\/pages\/6465\/revisions"}],"predecessor-version":[{"id":8551,"href":"https:\/\/www.bmaq.org\/fr\/wp-json\/wp\/v2\/pages\/6465\/revisions\/8551"}],"up":[{"embeddable":true,"href":"https:\/\/www.bmaq.org\/fr\/wp-json\/wp\/v2\/pages\/6459"}],"wp:attachment":[{"href":"https:\/\/www.bmaq.org\/fr\/wp-json\/wp\/v2\/media?parent=6465"}],"curies":[{"name":"wp","href":"https:\/\/api.w.org\/{rel}","templated":true}]}}