{"id":6459,"date":"2023-09-26T16:28:13","date_gmt":"2023-09-26T13:28:13","guid":{"rendered":"https:\/\/www.bmaq.org\/?page_id=6459"},"modified":"2023-12-21T17:07:43","modified_gmt":"2023-12-21T14:07:43","slug":"le-centre-mediatique","status":"publish","type":"page","link":"https:\/\/www.bmaq.org\/fr\/le-centre-mediatique\/","title":{"rendered":"Le Centre M\u00e9diatique"},"content":{"rendered":"<p style=\"text-align: center;\">Ce centre est charg\u00e9 de communiquer avec les m\u00e9dias et travaille \u00e0 fournir des informations, des actualit\u00e9s, des photos, des vid\u00e9os et des donn\u00e9es relatives aux activit\u00e9s de l&rsquo;agence. Il offre \u00e9galement des canaux au public pour soumettre leurs suggestions et opinions.<\/p>\n","protected":false},"excerpt":{"rendered":"<p>Ce centre est charg\u00e9 de communiquer avec les m\u00e9dias et travaille \u00e0 fournir des informations, des actualit\u00e9s, des photos, des vid\u00e9os et des donn\u00e9es relatives aux activit\u00e9s de l&rsquo;agence. Il offre \u00e9galement des canaux au public pour soumettre leurs suggestions et opinions.<\/p>\n","protected":false},"author":2,"featured_media":0,"parent":0,"menu_order":0,"comment_status":"closed","ping_status":"closed","template":"","meta":{"inline_featured_image":false,"footnotes":""},"class_list":["post-6459","page","type-page","status-publish","hentry","description-off"],"_links":{"self":[{"href":"https:\/\/www.bmaq.org\/fr\/wp-json\/wp\/v2\/pages\/6459","targetHints":{"allow":["GET"]}}],"collection":[{"href":"https:\/\/www.bmaq.org\/fr\/wp-json\/wp\/v2\/pages"}],"about":[{"href":"https:\/\/www.bmaq.org\/fr\/wp-json\/wp\/v2\/types\/page"}],"author":[{"embeddable":true,"href":"https:\/\/www.bmaq.org\/fr\/wp-json\/wp\/v2\/users\/2"}],"replies":[{"embeddable":true,"href":"https:\/\/www.bmaq.org\/fr\/wp-json\/wp\/v2\/comments?post=6459"}],"version-history":[{"count":2,"href":"https:\/\/www.bmaq.org\/fr\/wp-json\/wp\/v2\/pages\/6459\/revisions"}],"predecessor-version":[{"id":6556,"href":"https:\/\/www.bmaq.org\/fr\/wp-json\/wp\/v2\/pages\/6459\/revisions\/6556"}],"wp:attachment":[{"href":"https:\/\/www.bmaq.org\/fr\/wp-json\/wp\/v2\/media?parent=6459"}],"curies":[{"name":"wp","href":"https:\/\/api.w.org\/{rel}","templated":true}]}}