{"id":6446,"date":"2023-09-26T18:40:06","date_gmt":"2023-09-26T15:40:06","guid":{"rendered":"https:\/\/www.bmaq.org\/?page_id=6446"},"modified":"2023-12-21T12:15:02","modified_gmt":"2023-12-21T09:15:02","slug":"systeme-deducation-et-de-formation-a-alqods","status":"publish","type":"page","link":"https:\/\/www.bmaq.org\/fr\/les-programmes\/systeme-deducation-et-de-formation-a-alqods\/","title":{"rendered":"Syst\u00e8me d&rsquo;\u00c9ducation et de Formation \u00e0 Alqods"},"content":{"rendered":"","protected":false},"excerpt":{"rendered":"","protected":false},"author":2,"featured_media":0,"parent":6450,"menu_order":0,"comment_status":"closed","ping_status":"closed","template":"","meta":{"inline_featured_image":false,"footnotes":""},"class_list":["post-6446","page","type-page","status-publish","hentry","description-off"],"_links":{"self":[{"href":"https:\/\/www.bmaq.org\/fr\/wp-json\/wp\/v2\/pages\/6446","targetHints":{"allow":["GET"]}}],"collection":[{"href":"https:\/\/www.bmaq.org\/fr\/wp-json\/wp\/v2\/pages"}],"about":[{"href":"https:\/\/www.bmaq.org\/fr\/wp-json\/wp\/v2\/types\/page"}],"author":[{"embeddable":true,"href":"https:\/\/www.bmaq.org\/fr\/wp-json\/wp\/v2\/users\/2"}],"replies":[{"embeddable":true,"href":"https:\/\/www.bmaq.org\/fr\/wp-json\/wp\/v2\/comments?post=6446"}],"version-history":[{"count":1,"href":"https:\/\/www.bmaq.org\/fr\/wp-json\/wp\/v2\/pages\/6446\/revisions"}],"predecessor-version":[{"id":6448,"href":"https:\/\/www.bmaq.org\/fr\/wp-json\/wp\/v2\/pages\/6446\/revisions\/6448"}],"up":[{"embeddable":true,"href":"https:\/\/www.bmaq.org\/fr\/wp-json\/wp\/v2\/pages\/6450"}],"wp:attachment":[{"href":"https:\/\/www.bmaq.org\/fr\/wp-json\/wp\/v2\/media?parent=6446"}],"curies":[{"name":"wp","href":"https:\/\/api.w.org\/{rel}","templated":true}]}}