{"id":6433,"date":"2023-09-26T16:49:30","date_gmt":"2023-09-26T13:49:30","guid":{"rendered":"https:\/\/www.bmaq.org\/?page_id=6433"},"modified":"2023-12-21T12:05:19","modified_gmt":"2023-12-21T09:05:19","slug":"leducation","status":"publish","type":"page","link":"https:\/\/www.bmaq.org\/fr\/leducation\/","title":{"rendered":"L&rsquo;\u00c9ducation"},"content":{"rendered":"<div class=\"wpb-content-wrapper\"><p>[vc_row][vc_column][vc_column_text]<\/p>\n<p style=\"text-align: right;\"><img loading=\"lazy\" decoding=\"async\" class=\" wp-image-702 aligncenter\" src=\"https:\/\/www.bmaq.org\/wp-content\/uploads\/2023\/10\/\u0628\u064a\u062a-\u0645\u0627\u0644-\u0627\u0644\u0642\u062f\u0633-\u062a\u0643\u0631\u064a\u0645-\u0623\u0648\u0627\u0626\u0644-\u0627\u0644\u062b\u0627\u0646\u0648\u064a\u0629-9-300x200.jpg\" alt=\"\" width=\"714\" height=\"476\" srcset=\"https:\/\/www.bmaq.org\/wp-content\/uploads\/2023\/10\/\u0628\u064a\u062a-\u0645\u0627\u0644-\u0627\u0644\u0642\u062f\u0633-\u062a\u0643\u0631\u064a\u0645-\u0623\u0648\u0627\u0626\u0644-\u0627\u0644\u062b\u0627\u0646\u0648\u064a\u0629-9-300x200.jpg 300w, https:\/\/www.bmaq.org\/wp-content\/uploads\/2023\/10\/\u0628\u064a\u062a-\u0645\u0627\u0644-\u0627\u0644\u0642\u062f\u0633-\u062a\u0643\u0631\u064a\u0645-\u0623\u0648\u0627\u0626\u0644-\u0627\u0644\u062b\u0627\u0646\u0648\u064a\u0629-9-1024x683.jpg 1024w, https:\/\/www.bmaq.org\/wp-content\/uploads\/2023\/10\/\u0628\u064a\u062a-\u0645\u0627\u0644-\u0627\u0644\u0642\u062f\u0633-\u062a\u0643\u0631\u064a\u0645-\u0623\u0648\u0627\u0626\u0644-\u0627\u0644\u062b\u0627\u0646\u0648\u064a\u0629-9-768x512.jpg 768w, https:\/\/www.bmaq.org\/wp-content\/uploads\/2023\/10\/\u0628\u064a\u062a-\u0645\u0627\u0644-\u0627\u0644\u0642\u062f\u0633-\u062a\u0643\u0631\u064a\u0645-\u0623\u0648\u0627\u0626\u0644-\u0627\u0644\u062b\u0627\u0646\u0648\u064a\u0629-9-1536x1024.jpg 1536w, https:\/\/www.bmaq.org\/wp-content\/uploads\/2023\/10\/\u0628\u064a\u062a-\u0645\u0627\u0644-\u0627\u0644\u0642\u062f\u0633-\u062a\u0643\u0631\u064a\u0645-\u0623\u0648\u0627\u0626\u0644-\u0627\u0644\u062b\u0627\u0646\u0648\u064a\u0629-9.jpg 1600w\" sizes=\"auto, (max-width: 714px) 100vw, 714px\" \/><\/p>\n<p>&nbsp;<\/p>\n<p>Le montant total des projets et programmes r\u00e9alis\u00e9s dans le secteur de l&rsquo;\u00e9ducation entre 2000 et 2020 s&rsquo;\u00e9l\u00e8ve \u00e0 11,32 millions de dollars.<\/p>\n<p>[\/vc_column_text][\/vc_column][\/vc_row][vc_row][vc_column][\/vc_column][\/vc_row]<\/p>\n<\/div>","protected":false},"excerpt":{"rendered":"<p>[vc_row][vc_column][vc_column_text] &nbsp; Le montant total des projets et programmes r\u00e9alis\u00e9s dans le secteur de l&rsquo;\u00e9ducation entre 2000 et 2020 s&rsquo;\u00e9l\u00e8ve \u00e0 11,32 millions de dollars. [\/vc_column_text][\/vc_column][\/vc_row][vc_row][vc_column][\/vc_column][\/vc_row]<\/p>\n","protected":false},"author":2,"featured_media":0,"parent":0,"menu_order":0,"comment_status":"closed","ping_status":"closed","template":"","meta":{"inline_featured_image":false,"footnotes":""},"class_list":["post-6433","page","type-page","status-publish","hentry","description-off"],"_links":{"self":[{"href":"https:\/\/www.bmaq.org\/fr\/wp-json\/wp\/v2\/pages\/6433","targetHints":{"allow":["GET"]}}],"collection":[{"href":"https:\/\/www.bmaq.org\/fr\/wp-json\/wp\/v2\/pages"}],"about":[{"href":"https:\/\/www.bmaq.org\/fr\/wp-json\/wp\/v2\/types\/page"}],"author":[{"embeddable":true,"href":"https:\/\/www.bmaq.org\/fr\/wp-json\/wp\/v2\/users\/2"}],"replies":[{"embeddable":true,"href":"https:\/\/www.bmaq.org\/fr\/wp-json\/wp\/v2\/comments?post=6433"}],"version-history":[{"count":1,"href":"https:\/\/www.bmaq.org\/fr\/wp-json\/wp\/v2\/pages\/6433\/revisions"}],"predecessor-version":[{"id":6437,"href":"https:\/\/www.bmaq.org\/fr\/wp-json\/wp\/v2\/pages\/6433\/revisions\/6437"}],"wp:attachment":[{"href":"https:\/\/www.bmaq.org\/fr\/wp-json\/wp\/v2\/media?parent=6433"}],"curies":[{"name":"wp","href":"https:\/\/api.w.org\/{rel}","templated":true}]}}