{"id":6431,"date":"2023-09-26T16:49:19","date_gmt":"2023-09-26T13:49:19","guid":{"rendered":"https:\/\/www.bmaq.org\/?page_id=6431"},"modified":"2023-12-21T12:03:53","modified_gmt":"2023-12-21T09:03:53","slug":"les-jeunes","status":"publish","type":"page","link":"https:\/\/www.bmaq.org\/fr\/les-jeunes\/","title":{"rendered":"Les Jeunes"},"content":{"rendered":"<p style=\"text-align: right;\"><strong><img loading=\"lazy\" decoding=\"async\" class=\"wp-image-831 aligncenter\" src=\"https:\/\/www.bmaq.org\/wp-content\/uploads\/2023\/11\/7-300x200.jpg\" alt=\"\" width=\"914\" height=\"609\" srcset=\"https:\/\/www.bmaq.org\/wp-content\/uploads\/2023\/11\/7-300x200.jpg 300w, https:\/\/www.bmaq.org\/wp-content\/uploads\/2023\/11\/7-1024x682.jpg 1024w, https:\/\/www.bmaq.org\/wp-content\/uploads\/2023\/11\/7-768x512.jpg 768w, https:\/\/www.bmaq.org\/wp-content\/uploads\/2023\/11\/7-1536x1023.jpg 1536w, https:\/\/www.bmaq.org\/wp-content\/uploads\/2023\/11\/7.jpg 1600w\" sizes=\"auto, (max-width: 914px) 100vw, 914px\" \/><\/strong><\/p>\n<p><span lang=\"FR\">Le montant total des projets et programmes r\u00e9alis\u00e9s dans le secteur de la jeunesse, du sport, de la culture et de l&rsquo;aide sociale entre 2000 et 2020 s&rsquo;\u00e9l\u00e8ve \u00e0 30,3 millions de dollars.<\/span><\/p>\n","protected":false},"excerpt":{"rendered":"<p>Le montant total des projets et programmes r\u00e9alis\u00e9s dans le secteur de la jeunesse, du sport, de la culture et de l&rsquo;aide sociale entre 2000 et 2020 s&rsquo;\u00e9l\u00e8ve \u00e0 30,3 millions de dollars.<\/p>\n","protected":false},"author":2,"featured_media":0,"parent":0,"menu_order":0,"comment_status":"closed","ping_status":"closed","template":"","meta":{"inline_featured_image":false,"footnotes":""},"class_list":["post-6431","page","type-page","status-publish","hentry","description-off"],"_links":{"self":[{"href":"https:\/\/www.bmaq.org\/fr\/wp-json\/wp\/v2\/pages\/6431","targetHints":{"allow":["GET"]}}],"collection":[{"href":"https:\/\/www.bmaq.org\/fr\/wp-json\/wp\/v2\/pages"}],"about":[{"href":"https:\/\/www.bmaq.org\/fr\/wp-json\/wp\/v2\/types\/page"}],"author":[{"embeddable":true,"href":"https:\/\/www.bmaq.org\/fr\/wp-json\/wp\/v2\/users\/2"}],"replies":[{"embeddable":true,"href":"https:\/\/www.bmaq.org\/fr\/wp-json\/wp\/v2\/comments?post=6431"}],"version-history":[{"count":1,"href":"https:\/\/www.bmaq.org\/fr\/wp-json\/wp\/v2\/pages\/6431\/revisions"}],"predecessor-version":[{"id":6435,"href":"https:\/\/www.bmaq.org\/fr\/wp-json\/wp\/v2\/pages\/6431\/revisions\/6435"}],"wp:attachment":[{"href":"https:\/\/www.bmaq.org\/fr\/wp-json\/wp\/v2\/media?parent=6431"}],"curies":[{"name":"wp","href":"https:\/\/api.w.org\/{rel}","templated":true}]}}