{"id":6398,"date":"2023-09-26T18:37:44","date_gmt":"2023-09-26T15:37:44","guid":{"rendered":"https:\/\/www.bmaq.org\/?page_id=6398"},"modified":"2023-12-20T17:34:25","modified_gmt":"2023-12-20T14:34:25","slug":"club-des-enfants-pour-dalqods-bmaq-cs-cfa","status":"publish","type":"page","link":"https:\/\/www.bmaq.org\/fr\/les-programmes\/club-des-enfants-pour-dalqods-bmaq-cs-cfa\/","title":{"rendered":"Club des Enfants pour d\u2019Alqods BMAQ-C\u2019s CFA"},"content":{"rendered":"<p><img loading=\"lazy\" decoding=\"async\" class=\"size-medium wp-image-769 aligncenter\" src=\"https:\/\/www.bmaq.org\/wp-content\/uploads\/2023\/11\/thumb-menu11-300x300.jpg\" alt=\"\" width=\"300\" height=\"300\" srcset=\"https:\/\/www.bmaq.org\/wp-content\/uploads\/2023\/11\/thumb-menu11-300x300.jpg 300w, https:\/\/www.bmaq.org\/wp-content\/uploads\/2023\/11\/thumb-menu11-150x150.jpg 150w, https:\/\/www.bmaq.org\/wp-content\/uploads\/2023\/11\/thumb-menu11.jpg 500w\" sizes=\"auto, (max-width: 300px) 100vw, 300px\" \/><\/p>\n<p style=\"text-align: center;\"><strong>Bas\u00e9 \u00e0 Rabat, il propose des activit\u00e9s destin\u00e9es aux enfants et aux jeunes, y compris la promotion de la sensibilisation des jeunes d\u2019Alqods.<\/strong><\/p>\n","protected":false},"excerpt":{"rendered":"<p>Bas\u00e9 \u00e0 Rabat, il propose des activit\u00e9s destin\u00e9es aux enfants et aux jeunes, y compris la promotion de la sensibilisation des jeunes d\u2019Alqods.<\/p>\n","protected":false},"author":2,"featured_media":0,"parent":6450,"menu_order":0,"comment_status":"closed","ping_status":"closed","template":"","meta":{"inline_featured_image":false,"footnotes":""},"class_list":["post-6398","page","type-page","status-publish","hentry","description-off"],"_links":{"self":[{"href":"https:\/\/www.bmaq.org\/fr\/wp-json\/wp\/v2\/pages\/6398","targetHints":{"allow":["GET"]}}],"collection":[{"href":"https:\/\/www.bmaq.org\/fr\/wp-json\/wp\/v2\/pages"}],"about":[{"href":"https:\/\/www.bmaq.org\/fr\/wp-json\/wp\/v2\/types\/page"}],"author":[{"embeddable":true,"href":"https:\/\/www.bmaq.org\/fr\/wp-json\/wp\/v2\/users\/2"}],"replies":[{"embeddable":true,"href":"https:\/\/www.bmaq.org\/fr\/wp-json\/wp\/v2\/comments?post=6398"}],"version-history":[{"count":1,"href":"https:\/\/www.bmaq.org\/fr\/wp-json\/wp\/v2\/pages\/6398\/revisions"}],"predecessor-version":[{"id":6399,"href":"https:\/\/www.bmaq.org\/fr\/wp-json\/wp\/v2\/pages\/6398\/revisions\/6399"}],"up":[{"embeddable":true,"href":"https:\/\/www.bmaq.org\/fr\/wp-json\/wp\/v2\/pages\/6450"}],"wp:attachment":[{"href":"https:\/\/www.bmaq.org\/fr\/wp-json\/wp\/v2\/media?parent=6398"}],"curies":[{"name":"wp","href":"https:\/\/api.w.org\/{rel}","templated":true}]}}