{"id":6396,"date":"2023-09-26T18:38:34","date_gmt":"2023-09-26T15:38:34","guid":{"rendered":"https:\/\/www.bmaq.org\/?page_id=6396"},"modified":"2023-12-20T17:33:28","modified_gmt":"2023-12-20T14:33:28","slug":"lobservatoire-arribat","status":"publish","type":"page","link":"https:\/\/www.bmaq.org\/fr\/les-programmes\/lobservatoire-arribat\/","title":{"rendered":"L&rsquo;Observatoire \u00ab\u00a0ARRIBAT\u00a0\u00bb"},"content":{"rendered":"<p style=\"text-align: right;\"><img loading=\"lazy\" decoding=\"async\" class=\" wp-image-770 aligncenter\" src=\"https:\/\/www.bmaq.org\/wp-content\/uploads\/2023\/11\/thumb-menu10-300x300.jpg\" alt=\"\" width=\"376\" height=\"376\" srcset=\"https:\/\/www.bmaq.org\/wp-content\/uploads\/2023\/11\/thumb-menu10-300x300.jpg 300w, https:\/\/www.bmaq.org\/wp-content\/uploads\/2023\/11\/thumb-menu10-150x150.jpg 150w, https:\/\/www.bmaq.org\/wp-content\/uploads\/2023\/11\/thumb-menu10.jpg 500w\" sizes=\"auto, (max-width: 376px) 100vw, 376px\" \/><\/p>\n<p><strong>L&rsquo;Observatoire \u00ab\u00a0ARRIBAT\u00a0\u00bb<\/strong> pour l&rsquo;Observation, le suivi et l&rsquo;\u00e9valuation \u00e0 Alqods BMAQ-AMEO :\u00a0\u00bb vise \u00e0 fournir les donn\u00e9es et les infirmations appropri\u00e9es pour d\u00e9velopper des plans, des projets et des programmes et contribuer \u00e0 l\u2019am\u00e9lioration des performances de l\u2019Agence, ainsi que de d\u00e9velopper les moyens efficaces pour suivre les indicateurs de son travail \u00e0 Alqods.<\/p>\n<h4 style=\"text-align: right;\"><\/h4>\n","protected":false},"excerpt":{"rendered":"<p>L&rsquo;Observatoire \u00ab\u00a0ARRIBAT\u00a0\u00bb pour l&rsquo;Observation, le suivi et l&rsquo;\u00e9valuation \u00e0 Alqods BMAQ-AMEO :\u00a0\u00bb vise \u00e0 fournir les donn\u00e9es et les infirmations appropri\u00e9es pour d\u00e9velopper des plans, des projets et des programmes et contribuer \u00e0 l\u2019am\u00e9lioration des performances de l\u2019Agence, ainsi que de d\u00e9velopper les moyens efficaces pour suivre les indicateurs de son travail \u00e0 Alqods.<\/p>\n","protected":false},"author":2,"featured_media":0,"parent":6450,"menu_order":0,"comment_status":"closed","ping_status":"closed","template":"","meta":{"inline_featured_image":false,"footnotes":""},"class_list":["post-6396","page","type-page","status-publish","hentry","description-off"],"_links":{"self":[{"href":"https:\/\/www.bmaq.org\/fr\/wp-json\/wp\/v2\/pages\/6396","targetHints":{"allow":["GET"]}}],"collection":[{"href":"https:\/\/www.bmaq.org\/fr\/wp-json\/wp\/v2\/pages"}],"about":[{"href":"https:\/\/www.bmaq.org\/fr\/wp-json\/wp\/v2\/types\/page"}],"author":[{"embeddable":true,"href":"https:\/\/www.bmaq.org\/fr\/wp-json\/wp\/v2\/users\/2"}],"replies":[{"embeddable":true,"href":"https:\/\/www.bmaq.org\/fr\/wp-json\/wp\/v2\/comments?post=6396"}],"version-history":[{"count":1,"href":"https:\/\/www.bmaq.org\/fr\/wp-json\/wp\/v2\/pages\/6396\/revisions"}],"predecessor-version":[{"id":6397,"href":"https:\/\/www.bmaq.org\/fr\/wp-json\/wp\/v2\/pages\/6396\/revisions\/6397"}],"up":[{"embeddable":true,"href":"https:\/\/www.bmaq.org\/fr\/wp-json\/wp\/v2\/pages\/6450"}],"wp:attachment":[{"href":"https:\/\/www.bmaq.org\/fr\/wp-json\/wp\/v2\/media?parent=6396"}],"curies":[{"name":"wp","href":"https:\/\/api.w.org\/{rel}","templated":true}]}}