{"id":6393,"date":"2023-10-20T14:06:56","date_gmt":"2023-10-20T11:06:56","guid":{"rendered":"https:\/\/www.bmaq.org\/?page_id=6393"},"modified":"2023-12-20T17:30:08","modified_gmt":"2023-12-20T14:30:08","slug":"les-projets-et-les-programmes","status":"publish","type":"page","link":"https:\/\/www.bmaq.org\/fr\/les-projets-et-les-programmes\/","title":{"rendered":"Les projets et les programmes"},"content":{"rendered":"<p>Sa Majest\u00e9 le Roi Mohammed VI, en tant que pr\u00e9sident du comit\u00e9\u00a0 d\u2019Alqods, a soulign\u00e9 \u00e0 plusieurs occasions que le soutien aux capacit\u00e9s des habitants d\u2019Alqods\u00a0 et le renforcement de leur r\u00e9silience d\u00e9pendent de la mobilisation de toutes les ressources et possibilit\u00e9s mat\u00e9rielles disponibles, et de leur investissement dans la promotion des programmes de d\u00e9veloppement humain \u00e0 Alqods<\/p>\n<p>C&rsquo;est pourquoi l&rsquo;agence travaille \u00e0 la mise en \u0153uvre des directives royales supr\u00eames pour servir la ville sainte et ses habitants, avec s\u00e9rieux et engagement n\u00e9cessaires, et ce, en fonction des moyens dont elle dispose.<\/p>\n","protected":false},"excerpt":{"rendered":"<p>Sa Majest\u00e9 le Roi Mohammed VI, en tant que pr\u00e9sident du comit\u00e9\u00a0 d\u2019Alqods, a soulign\u00e9 \u00e0 plusieurs occasions que le soutien aux capacit\u00e9s des habitants d\u2019Alqods\u00a0 et le renforcement de leur r\u00e9silience d\u00e9pendent de la mobilisation de toutes les ressources et possibilit\u00e9s mat\u00e9rielles disponibles, et de leur investissement dans la promotion des programmes de d\u00e9veloppement&hellip;<\/p>\n","protected":false},"author":2,"featured_media":0,"parent":0,"menu_order":0,"comment_status":"closed","ping_status":"closed","template":"","meta":{"inline_featured_image":false,"footnotes":""},"class_list":["post-6393","page","type-page","status-publish","hentry","description-off"],"_links":{"self":[{"href":"https:\/\/www.bmaq.org\/fr\/wp-json\/wp\/v2\/pages\/6393","targetHints":{"allow":["GET"]}}],"collection":[{"href":"https:\/\/www.bmaq.org\/fr\/wp-json\/wp\/v2\/pages"}],"about":[{"href":"https:\/\/www.bmaq.org\/fr\/wp-json\/wp\/v2\/types\/page"}],"author":[{"embeddable":true,"href":"https:\/\/www.bmaq.org\/fr\/wp-json\/wp\/v2\/users\/2"}],"replies":[{"embeddable":true,"href":"https:\/\/www.bmaq.org\/fr\/wp-json\/wp\/v2\/comments?post=6393"}],"version-history":[{"count":2,"href":"https:\/\/www.bmaq.org\/fr\/wp-json\/wp\/v2\/pages\/6393\/revisions"}],"predecessor-version":[{"id":6395,"href":"https:\/\/www.bmaq.org\/fr\/wp-json\/wp\/v2\/pages\/6393\/revisions\/6395"}],"wp:attachment":[{"href":"https:\/\/www.bmaq.org\/fr\/wp-json\/wp\/v2\/media?parent=6393"}],"curies":[{"name":"wp","href":"https:\/\/api.w.org\/{rel}","templated":true}]}}