{"id":6391,"date":"2023-09-26T16:48:14","date_gmt":"2023-09-26T13:48:14","guid":{"rendered":"https:\/\/www.bmaq.org\/?page_id=6391"},"modified":"2023-12-20T17:14:37","modified_gmt":"2023-12-20T14:14:37","slug":"le-siege-principal-rabat","status":"publish","type":"page","link":"https:\/\/www.bmaq.org\/fr\/le-siege-principal-rabat\/","title":{"rendered":"Le si\u00e8ge principal (Rabat)"},"content":{"rendered":"<div class=\"wpb-content-wrapper\"><p>[vc_row][vc_column][vc_column_text]<\/p>\n<p style=\"text-align: right;\"><img loading=\"lazy\" decoding=\"async\" class=\" wp-image-759 aligncenter\" src=\"https:\/\/www.bmaq.org\/wp-content\/uploads\/2023\/11\/thumb-menu02-300x195.jpg\" alt=\"\" width=\"674\" height=\"438\" srcset=\"https:\/\/www.bmaq.org\/wp-content\/uploads\/2023\/11\/thumb-menu02-300x195.jpg 300w, https:\/\/www.bmaq.org\/wp-content\/uploads\/2023\/11\/thumb-menu02-1024x664.jpg 1024w, https:\/\/www.bmaq.org\/wp-content\/uploads\/2023\/11\/thumb-menu02-768x498.jpg 768w, https:\/\/www.bmaq.org\/wp-content\/uploads\/2023\/11\/thumb-menu02-1536x996.jpg 1536w, https:\/\/www.bmaq.org\/wp-content\/uploads\/2023\/11\/thumb-menu02.jpg 1600w\" sizes=\"auto, (max-width: 674px) 100vw, 674px\" \/><\/p>\n<p>&nbsp;<\/p>\n<p>Le Royaume du Maroc a \u00e9tabli un si\u00e8ge \u00e9quip\u00e9 \u00e0 la disposition de l&rsquo;agence dans le quartier Hay Riyad de la capitale Rabat, fournissant tous les services et facilit\u00e9s n\u00e9cessaires. Un budget annuel a \u00e9t\u00e9 allou\u00e9 pour la gestion, avec une enveloppe financi\u00e8re \u00e9quivalente \u00e0 1,5 million de dollars am\u00e9ricains.<\/p>\n<p style=\"text-align: center;\"><strong>Adresse<\/strong><\/p>\n<p style=\"text-align: center;\">13 Lotissement num\u00e9ro 2, bd. Attine, Quartier Riyad, Rabat-Royaume du Maroc<\/p>\n<p style=\"text-align: center;\">+212537565903<\/p>\n<p style=\"text-align: center;\">contact@bmaq.org<\/p>\n<p>[\/vc_column_text][vc_gmaps link=\u00a0\u00bb#E-8_JTNDaWZyYW1lJTIwc3JjJTNEJTIyaHR0cHMlM0ElMkYlMkZ3d3cuZ29vZ2xlLmNvbSUyRm1hcHMlMkZlbWJlZCUzRnBiJTNEJTIxMW0xOCUyMTFtMTIlMjExbTMlMjExZDEwNTg4NS4wNzE3OTY4NDgyNiUyMTJkLTYuNzc0ODYxNDU3MTAwMTc5NSUyMTNkMzMuOTY5MTkxMzkyMzY5NDYlMjEybTMlMjExZjAlMjEyZjAlMjEzZjAlMjEzbTIlMjExaTEwMjQlMjEyaTc2OCUyMTRmMTMuMSUyMTNtMyUyMTFtMiUyMTFzMHhkYTc2Yjg3MWY1MGM1YzElMjUzQTB4N2FjOTQ2ZWQ3NDA4MDc2YiUyMTJ6MktmWmhOaXgyS2pZcDlpMyUyMTVlMCUyMTNtMiUyMTFzYXIlMjEyc21hJTIxNHYxNjk5ODMzODAyODAxJTIxNW0yJTIxMXNhciUyMTJzbWElMjIlMjB3aWR0aCUzRCUyMjYwMCUyMiUyMGhlaWdodCUzRCUyMjQ1MCUyMiUyMHN0eWxlJTNEJTIyYm9yZGVyJTNBMCUzQiUyMiUyMGFsbG93ZnVsbHNjcmVlbiUzRCUyMiUyMiUyMGxvYWRpbmclM0QlMjJsYXp5JTIyJTIwcmVmZXJyZXJwb2xpY3klM0QlMjJuby1yZWZlcnJlci13aGVuLWRvd25ncmFkZSUyMiUzRSUzQyUyRmlmcmFtZSUzRQ==\u00a0\u00bb][\/vc_column][\/vc_row]<\/p>\n<\/div>","protected":false},"excerpt":{"rendered":"<p>[vc_row][vc_column][vc_column_text] &nbsp; Le Royaume du Maroc a \u00e9tabli un si\u00e8ge \u00e9quip\u00e9 \u00e0 la disposition de l&rsquo;agence dans le quartier Hay Riyad de la capitale Rabat, fournissant tous les services et facilit\u00e9s n\u00e9cessaires. Un budget annuel a \u00e9t\u00e9 allou\u00e9 pour la gestion, avec une enveloppe financi\u00e8re \u00e9quivalente \u00e0 1,5 million de dollars am\u00e9ricains. Adresse 13 Lotissement&hellip;<\/p>\n","protected":false},"author":2,"featured_media":0,"parent":0,"menu_order":0,"comment_status":"closed","ping_status":"closed","template":"","meta":{"inline_featured_image":false,"footnotes":""},"class_list":["post-6391","page","type-page","status-publish","hentry","description-off"],"_links":{"self":[{"href":"https:\/\/www.bmaq.org\/fr\/wp-json\/wp\/v2\/pages\/6391","targetHints":{"allow":["GET"]}}],"collection":[{"href":"https:\/\/www.bmaq.org\/fr\/wp-json\/wp\/v2\/pages"}],"about":[{"href":"https:\/\/www.bmaq.org\/fr\/wp-json\/wp\/v2\/types\/page"}],"author":[{"embeddable":true,"href":"https:\/\/www.bmaq.org\/fr\/wp-json\/wp\/v2\/users\/2"}],"replies":[{"embeddable":true,"href":"https:\/\/www.bmaq.org\/fr\/wp-json\/wp\/v2\/comments?post=6391"}],"version-history":[{"count":1,"href":"https:\/\/www.bmaq.org\/fr\/wp-json\/wp\/v2\/pages\/6391\/revisions"}],"predecessor-version":[{"id":6392,"href":"https:\/\/www.bmaq.org\/fr\/wp-json\/wp\/v2\/pages\/6391\/revisions\/6392"}],"wp:attachment":[{"href":"https:\/\/www.bmaq.org\/fr\/wp-json\/wp\/v2\/media?parent=6391"}],"curies":[{"name":"wp","href":"https:\/\/api.w.org\/{rel}","templated":true}]}}