{"id":6385,"date":"2023-09-26T16:47:57","date_gmt":"2023-09-26T13:47:57","guid":{"rendered":"https:\/\/www.bmaq.org\/?page_id=6385"},"modified":"2023-12-20T17:07:10","modified_gmt":"2023-12-20T14:07:10","slug":"les-organes-de-lagence","status":"publish","type":"page","link":"https:\/\/www.bmaq.org\/fr\/les-organes-de-lagence\/","title":{"rendered":"Les Organes de l&rsquo;Agence\u00a0:"},"content":{"rendered":"<p>Deux organes de supervision dirigent les activit\u00e9s de l&rsquo;Agence : <strong>le Comit\u00e9 tutelle<\/strong>, pr\u00e9sid\u00e9 par le Royaume du Maroc \u00e0 travers le ministre des Affaires \u00e9trang\u00e8res, et compos\u00e9 de 4 autres ministres, dont le ministre des Affaires \u00e9trang\u00e8res palestinien, et le <strong>Conseil d&rsquo;Administration<\/strong>, compos\u00e9 de 16 ministres des Finances des pays membres du Comit\u00e9 d\u2019Alqods, pr\u00e9sid\u00e9 par le ministre des finances du Royaume du Maroc..<\/p>\n","protected":false},"excerpt":{"rendered":"<p>Deux organes de supervision dirigent les activit\u00e9s de l&rsquo;Agence : le Comit\u00e9 tutelle, pr\u00e9sid\u00e9 par le Royaume du Maroc \u00e0 travers le ministre des Affaires \u00e9trang\u00e8res, et compos\u00e9 de 4 autres ministres, dont le ministre des Affaires \u00e9trang\u00e8res palestinien, et le Conseil d&rsquo;Administration, compos\u00e9 de 16 ministres des Finances des pays membres du Comit\u00e9 d\u2019Alqods,&hellip;<\/p>\n","protected":false},"author":2,"featured_media":0,"parent":0,"menu_order":0,"comment_status":"closed","ping_status":"closed","template":"","meta":{"inline_featured_image":false,"footnotes":""},"class_list":["post-6385","page","type-page","status-publish","hentry","description-off"],"_links":{"self":[{"href":"https:\/\/www.bmaq.org\/fr\/wp-json\/wp\/v2\/pages\/6385","targetHints":{"allow":["GET"]}}],"collection":[{"href":"https:\/\/www.bmaq.org\/fr\/wp-json\/wp\/v2\/pages"}],"about":[{"href":"https:\/\/www.bmaq.org\/fr\/wp-json\/wp\/v2\/types\/page"}],"author":[{"embeddable":true,"href":"https:\/\/www.bmaq.org\/fr\/wp-json\/wp\/v2\/users\/2"}],"replies":[{"embeddable":true,"href":"https:\/\/www.bmaq.org\/fr\/wp-json\/wp\/v2\/comments?post=6385"}],"version-history":[{"count":1,"href":"https:\/\/www.bmaq.org\/fr\/wp-json\/wp\/v2\/pages\/6385\/revisions"}],"predecessor-version":[{"id":6387,"href":"https:\/\/www.bmaq.org\/fr\/wp-json\/wp\/v2\/pages\/6385\/revisions\/6387"}],"wp:attachment":[{"href":"https:\/\/www.bmaq.org\/fr\/wp-json\/wp\/v2\/media?parent=6385"}],"curies":[{"name":"wp","href":"https:\/\/api.w.org\/{rel}","templated":true}]}}