{"id":6381,"date":"2023-09-26T16:26:37","date_gmt":"2023-09-26T13:26:37","guid":{"rendered":"https:\/\/www.bmaq.org\/?page_id=6381"},"modified":"2024-01-15T11:58:06","modified_gmt":"2024-01-15T08:58:06","slug":"lagence","status":"publish","type":"page","link":"https:\/\/www.bmaq.org\/fr\/lagence\/","title":{"rendered":"L&rsquo;Agence"},"content":{"rendered":"<div class=\"wpb-content-wrapper\"><p>[vc_row][vc_column][vc_column_text]<\/p>\n<ul class=\"ubermenu-submenu ubermenu-submenu-id-327 ubermenu-submenu-type-auto ubermenu-submenu-type-mega ubermenu-submenu-drop ubermenu-submenu-align-full_width\">\n<li id=\"menu-item-435\" class=\"ubermenu-item ubermenu-item-type-post_type ubermenu-item-object-page ubermenu-item-435 ubermenu-item-auto ubermenu-item-header ubermenu-item-level-1 ubermenu-column ubermenu-column-1-5\">\n<div class=\"ubermenu-content-block ubermenu-custom-content ubermenu-custom-content-padded intro-left\" style=\"text-align: right;\"><img loading=\"lazy\" decoding=\"async\" class=\" wp-image-673 aligncenter\" src=\"https:\/\/www.bmaq.org\/wp-content\/uploads\/2023\/10\/11-bis-Feu-Hassan-II-Arafat-1024x634-1-300x186.jpg\" alt=\"\" width=\"808\" height=\"501\" srcset=\"https:\/\/www.bmaq.org\/wp-content\/uploads\/2023\/10\/11-bis-Feu-Hassan-II-Arafat-1024x634-1-300x186.jpg 300w, https:\/\/www.bmaq.org\/wp-content\/uploads\/2023\/10\/11-bis-Feu-Hassan-II-Arafat-1024x634-1-768x476.jpg 768w, https:\/\/www.bmaq.org\/wp-content\/uploads\/2023\/10\/11-bis-Feu-Hassan-II-Arafat-1024x634-1.jpg 1024w\" sizes=\"auto, (max-width: 808px) 100vw, 808px\" \/><\/div>\n<\/li>\n<\/ul>\n<p>&nbsp;<\/p>\n<ul>\n<li style=\"list-style-type: none;\">\n<ul class=\"ubermenu-submenu ubermenu-submenu-id-327 ubermenu-submenu-type-auto ubermenu-submenu-type-mega ubermenu-submenu-drop ubermenu-submenu-align-full_width\">\n<li class=\"ubermenu-item ubermenu-item-type-post_type ubermenu-item-object-page ubermenu-item-435 ubermenu-item-auto ubermenu-item-header ubermenu-item-level-1 ubermenu-column ubermenu-column-1-5\">\n<div class=\"ubermenu-content-block ubermenu-custom-content ubermenu-custom-content-padded intro-left\" style=\"text-align: right;\">\n<p style=\"text-align: left;\">A l\u2019initiative de \u00a0Sa Majest\u00e9 le Roi Hassan II, que Dieu ait son \u00e2me, les dirigeants des pays arabes et islamiques membres du Comit\u00e9 \u00a0d\u2019Alqods ont adopt\u00e9 sa proposition de cr\u00e9er l&rsquo;Agence Bayt Mal Al-Quds Al-Charif au d\u00e9but de l&rsquo;ann\u00e9e 1995. La structure de l&rsquo;institution a \u00e9t\u00e9 \u00e9labor\u00e9e en tant qu&rsquo;organe ex\u00e9cutif du Comit\u00e9, et elle a officiellement commenc\u00e9 ses activit\u00e9s en septembre 1998, apr\u00e8s le d\u00e9p\u00f4t de la premi\u00e8re contribution financi\u00e8re sur ses comptes.<\/p>\n<\/div>\n<\/li>\n<\/ul>\n<\/li>\n<\/ul>\n<p>&nbsp;<\/p>\n<\/div>","protected":false},"excerpt":{"rendered":"<p>[vc_row][vc_column][vc_column_text] &nbsp; A l\u2019initiative de \u00a0Sa Majest\u00e9 le Roi Hassan II, que Dieu ait son \u00e2me, les dirigeants des pays arabes et islamiques membres du Comit\u00e9 \u00a0d\u2019Alqods ont adopt\u00e9 sa proposition de cr\u00e9er l&rsquo;Agence Bayt Mal Al-Quds Al-Charif au d\u00e9but de l&rsquo;ann\u00e9e 1995. La structure de l&rsquo;institution a \u00e9t\u00e9 \u00e9labor\u00e9e en tant qu&rsquo;organe ex\u00e9cutif du&hellip;<\/p>\n","protected":false},"author":2,"featured_media":0,"parent":0,"menu_order":0,"comment_status":"closed","ping_status":"closed","template":"","meta":{"inline_featured_image":false,"footnotes":""},"class_list":["post-6381","page","type-page","status-publish","hentry","description-off"],"_links":{"self":[{"href":"https:\/\/www.bmaq.org\/fr\/wp-json\/wp\/v2\/pages\/6381","targetHints":{"allow":["GET"]}}],"collection":[{"href":"https:\/\/www.bmaq.org\/fr\/wp-json\/wp\/v2\/pages"}],"about":[{"href":"https:\/\/www.bmaq.org\/fr\/wp-json\/wp\/v2\/types\/page"}],"author":[{"embeddable":true,"href":"https:\/\/www.bmaq.org\/fr\/wp-json\/wp\/v2\/users\/2"}],"replies":[{"embeddable":true,"href":"https:\/\/www.bmaq.org\/fr\/wp-json\/wp\/v2\/comments?post=6381"}],"version-history":[{"count":2,"href":"https:\/\/www.bmaq.org\/fr\/wp-json\/wp\/v2\/pages\/6381\/revisions"}],"predecessor-version":[{"id":8555,"href":"https:\/\/www.bmaq.org\/fr\/wp-json\/wp\/v2\/pages\/6381\/revisions\/8555"}],"wp:attachment":[{"href":"https:\/\/www.bmaq.org\/fr\/wp-json\/wp\/v2\/media?parent=6381"}],"curies":[{"name":"wp","href":"https:\/\/api.w.org\/{rel}","templated":true}]}}