{"id":6375,"date":"2023-09-26T16:26:22","date_gmt":"2023-09-26T13:26:22","guid":{"rendered":"https:\/\/www.bmaq.org\/?page_id=6375"},"modified":"2023-12-20T16:53:54","modified_gmt":"2023-12-20T13:53:54","slug":"la-presidence-du-comite-dalqods","status":"publish","type":"page","link":"https:\/\/www.bmaq.org\/fr\/la-presidence-du-comite-dalqods\/","title":{"rendered":"La pr\u00e9sidence du Comit\u00e9 d\u2019Alqods"},"content":{"rendered":"<p><img loading=\"lazy\" decoding=\"async\" class=\"wp-image-845 aligncenter\" src=\"https:\/\/www.bmaq.org\/wp-content\/uploads\/2023\/11\/WhatsApp-Image-2023-11-13-at-10.53.34-300x221.jpeg\" alt=\"\" width=\"500\" height=\"368\" srcset=\"https:\/\/www.bmaq.org\/wp-content\/uploads\/2023\/11\/WhatsApp-Image-2023-11-13-at-10.53.34-300x221.jpeg 300w, https:\/\/www.bmaq.org\/wp-content\/uploads\/2023\/11\/WhatsApp-Image-2023-11-13-at-10.53.34-1024x753.jpeg 1024w, https:\/\/www.bmaq.org\/wp-content\/uploads\/2023\/11\/WhatsApp-Image-2023-11-13-at-10.53.34-768x564.jpeg 768w, https:\/\/www.bmaq.org\/wp-content\/uploads\/2023\/11\/WhatsApp-Image-2023-11-13-at-10.53.34-1536x1129.jpeg 1536w, https:\/\/www.bmaq.org\/wp-content\/uploads\/2023\/11\/WhatsApp-Image-2023-11-13-at-10.53.34.jpeg 1600w\" sizes=\"auto, (max-width: 500px) 100vw, 500px\" \/><\/p>\n<p>La pr\u00e9sidence du Comit\u00e9 d\u2019Alqods a \u00e9t\u00e9 transf\u00e9r\u00e9e \u00e0 Sa Majest\u00e9 le Roi Mohammed VI, que Dieu le pr\u00e9serve, apr\u00e8s son accession au tr\u00f4ne du Royaume du Maroc en 1999, suite au d\u00e9c\u00e8s de son d\u00e9funt p\u00e8re, feu le Roi Hassan II. Il avait \u00e9t\u00e9 confi\u00e9 \u00e0 feu le Roi Hassan II par ses fr\u00e8res rois, princes, et chefs des pays arabes et islamiques, qui lui ont confi\u00e9 la pr\u00e9sidence du comit\u00e9 d\u00e8s sa cr\u00e9ation, en reconnaissance de sa personne, que Dieu\u00a0 ait son \u00e2me, de sa stature internationale, ainsi que de ses efforts louables en faveur de la cause palestinienne et de la question\u00a0 d\u2019Alqods, sur tous les fronts et \u00e0 tous les niveaux.<\/p>\n<p>Sa Majest\u00e9 le Roi Mohammed VI assume de ses responsabilit\u00e9s \u00e0 la t\u00eate\u00a0 du Comit\u00e9 d\u2019Alqods\u00a0 avec sagesse, finesse et comp\u00e9tence. Affirmant que \u00ab\u00a0la pr\u00e9sidence du Comit\u00e9 n&rsquo;est ni une faveur , ni un \u00a0privil\u00e8ge, il s\u2019agit plut\u00f4t d\u2019une charge consid\u00e9rable et t une grande responsabilit\u00e9 \u00bb<\/p>\n<p>Sa Majest\u00e9 le Roi Mohammed VI est n\u00e9 le 21 ao\u00fbt 1963 \u00e0 Rabat. Il est le vingt-troisi\u00e8me Roi de la Dynastie Alaouite, qui a \u00a0r\u00e8gn\u00e9 sur le Royaume du Maroc depuis le milieu du XVII\u00e8me si\u00e8cle.<\/p>\n<p>La Famille Alaouite est issue de la lign\u00e9e noble du Proph\u00e8te Mohammed que la paix et les b\u00e9n\u00e9dictions de Dieu soient sur lui. Son ascendance remonte \u00e0 la ville de Sijilmassa, situ\u00e9e dans la r\u00e9gion Tafilalet au Sud du Maroc.<\/p>\n<p><strong>Etudes et formation acad\u00e9mique :\u00a0<\/strong><\/p>\n<p>&#8211; A l\u2019\u00e2ge de quatre ans, Son Auguste P\u00e8re le fait entrer \u00e0 l\u2019\u00e9cole coranique du Palais Royal.<\/p>\n<p>&#8211; Etudes primaires et secondaires au Coll\u00e8ge Royal. Baccalaur\u00e9at en juin 1981.<\/p>\n<p>&#8211; Etudes sup\u00e9rieures en Droit \u00e0 la Facult\u00e9 des Sciences Juridiques, Economiques et Sociales de l\u2019Universit\u00e9 Mohammed V de Rabat :<\/p>\n<ul>\n<li>Soutenance, en 1985, d\u2019un m\u00e9moire de licence sur \u00ab L\u2019Union Arabo-Africaine et la strat\u00e9gie du Royaume du Maroc en mati\u00e8re de relations internationales \u00bb.<\/li>\n<li>Premier Certificat d\u2019Etudes Sup\u00e9rieures (C.E.S) en Sciences Politiques, avec mention, en 1987 et deuxi\u00e8me certificat, en droit public, \u00e9galement avec mention, en juillet 1988.<\/li>\n<\/ul>\n<p>&#8211; Docteur en Droit avec la mention \u00ab tr\u00e8s honorable \u00bb, suite \u00e0 la soutenance, le 29 octobre 1993, \u00e0 l\u2019Universit\u00e9 de Nice Sophia-Antipolis en France, d\u2019une th\u00e8se sur le th\u00e8me : \u00ab La coop\u00e9ration entre la Communaut\u00e9 Economique Europ\u00e9enne et l\u2019Union du Maghreb Arabe \u00bb.<\/p>\n<p>&#8211; Docteur Honoris Causa de l\u2019Universit\u00e9 de George Washington, le 22 juin 2000.<\/p>\n<p>&#8211; Auteur d\u2019un ouvrage et de plusieurs articles sur la coop\u00e9ration Euromaghr\u00e9bine.<\/p>\n<p>&#8211; Stage de formation de six mois, entam\u00e9 le 17 novembre 1988, \u00e0 Bruxelles, aupr\u00e8s de M. Jacques Delors, Pr\u00e9sident de la Commission des Communaut\u00e9s Europ\u00e9ennes.<\/p>\n<p>Rompu aux lourdes t\u00e2ches depuis Son jeune \u00e2ge, Sa Majest\u00e9 le Roi Mohammed VI \u00e9tait souvent charg\u00e9 par Son Auguste P\u00e8re, d\u2019importantes missions aupr\u00e8s de Chefs d\u2019Etat fr\u00e8res et amis, et avait particip\u00e9 \u00e0 des rencontres au niveau national, arabe, islamique, africain et international.<\/p>\n<p>&#8211; Langues \u00e9crites et parl\u00e9es : Arabe, Fran\u00e7ais, Espagnol et Anglais.<\/p>\n<p>&#8211; Sa Majest\u00e9 le Roi Mohammed VI pratique plusieurs activit\u00e9s sportives.<\/p>\n<p><strong>Intronisation \u00a0<\/strong><\/p>\n<p>&#8211; Le jour 23 juillet 1999, Sa Majest\u00e9 le Roi Mohammed VI a acc\u00e9d\u00e9 au tr\u00f4ne du Maroc \u00e0 la suite du d\u00e9c\u00e8s de son p\u00e8re, le regrett\u00e9 Roi Hassan II. Ce m\u00eame jour, il a re\u00e7u l&rsquo;all\u00e9geance en tant qu&rsquo;Amir al-Mouminin (Commandeur des croyants) dans la salle du tr\u00f4ne du Palais Royal \u00e0 Rabat.<\/p>\n<p>&#8211; Le 30 juillet 1999, Sa Majest\u00e9 le Roi Mohammed VI, Amir al-Mouminin, a officiellement dirig\u00e9 la pri\u00e8re du vendredi et a prononc\u00e9 son premier discours du tr\u00f4ne. Cette date a \u00e9t\u00e9 officiellement adopt\u00e9e pour c\u00e9l\u00e9brer la F\u00eate du Tr\u00f4ne.<\/p>\n<p>&#8211; Sa Majest\u00e9 a \u00e9galement assum\u00e9 la responsabilit\u00e9 de commandant en chef et chef d&rsquo;\u00e9tat-major g\u00e9n\u00e9ral des forces arm\u00e9es royales.<\/p>\n<p><strong>La pr\u00e9sidence du Comit\u00e9 d\u2019Alqods :<\/strong><\/p>\n<p>Sa Majest\u00e9 pr\u00e9side le Comit\u00e9 d\u2019Aqods, cr\u00e9\u00e9 sur recommandation de la sixi\u00e8me Conf\u00e9rence des ministres des Affaires \u00e9trang\u00e8res des \u00c9tats membres de l&rsquo;Organisation de la Conf\u00e9rence islamique (Organisation de la coop\u00e9ration islamique) tenue \u00e0 Djeddah en 1975. Ce comit\u00e9 a pour mission de d\u00e9velopper des programmes et des plans visant \u00e0 prot\u00e9ger la ville sainte et \u00e0 pr\u00e9server ses sanctuaires religieux et civilisationnels. Feu le Roi Hassan II, que Dieu ait son \u00e2me, en assumait la pr\u00e9sidence \u00e0 l&rsquo;\u00e9poque.<\/p>\n","protected":false},"excerpt":{"rendered":"<p>La pr\u00e9sidence du Comit\u00e9 d\u2019Alqods a \u00e9t\u00e9 transf\u00e9r\u00e9e \u00e0 Sa Majest\u00e9 le Roi Mohammed VI, que Dieu le pr\u00e9serve, apr\u00e8s son accession au tr\u00f4ne du Royaume du Maroc en 1999, suite au d\u00e9c\u00e8s de son d\u00e9funt p\u00e8re, feu le Roi Hassan II. Il avait \u00e9t\u00e9 confi\u00e9 \u00e0 feu le Roi Hassan II par ses fr\u00e8res&hellip;<\/p>\n","protected":false},"author":2,"featured_media":0,"parent":0,"menu_order":0,"comment_status":"closed","ping_status":"closed","template":"","meta":{"inline_featured_image":false,"footnotes":""},"class_list":["post-6375","page","type-page","status-publish","hentry","description-off"],"_links":{"self":[{"href":"https:\/\/www.bmaq.org\/fr\/wp-json\/wp\/v2\/pages\/6375","targetHints":{"allow":["GET"]}}],"collection":[{"href":"https:\/\/www.bmaq.org\/fr\/wp-json\/wp\/v2\/pages"}],"about":[{"href":"https:\/\/www.bmaq.org\/fr\/wp-json\/wp\/v2\/types\/page"}],"author":[{"embeddable":true,"href":"https:\/\/www.bmaq.org\/fr\/wp-json\/wp\/v2\/users\/2"}],"replies":[{"embeddable":true,"href":"https:\/\/www.bmaq.org\/fr\/wp-json\/wp\/v2\/comments?post=6375"}],"version-history":[{"count":1,"href":"https:\/\/www.bmaq.org\/fr\/wp-json\/wp\/v2\/pages\/6375\/revisions"}],"predecessor-version":[{"id":6376,"href":"https:\/\/www.bmaq.org\/fr\/wp-json\/wp\/v2\/pages\/6375\/revisions\/6376"}],"wp:attachment":[{"href":"https:\/\/www.bmaq.org\/fr\/wp-json\/wp\/v2\/media?parent=6375"}],"curies":[{"name":"wp","href":"https:\/\/api.w.org\/{rel}","templated":true}]}}