{"id":6372,"date":"2023-09-26T16:34:32","date_gmt":"2023-09-26T13:34:32","guid":{"rendered":"https:\/\/www.bmaq.org\/?page_id=6372"},"modified":"2023-12-20T16:46:43","modified_gmt":"2023-12-20T13:46:43","slug":"les-sessions-du-comite-dalqods","status":"publish","type":"page","link":"https:\/\/www.bmaq.org\/fr\/comite-dalqods\/les-sessions-du-comite-dalqods\/","title":{"rendered":"Les Sessions du Comit\u00e9 d\u2019Alqods"},"content":{"rendered":"<p><img loading=\"lazy\" decoding=\"async\" class=\"wp-image-762 aligncenter\" src=\"https:\/\/www.bmaq.org\/wp-content\/uploads\/2023\/11\/thumb-menu05-300x186.jpg\" alt=\"\" width=\"582\" height=\"361\" srcset=\"https:\/\/www.bmaq.org\/wp-content\/uploads\/2023\/11\/thumb-menu05-300x186.jpg 300w, https:\/\/www.bmaq.org\/wp-content\/uploads\/2023\/11\/thumb-menu05-768x476.jpg 768w, https:\/\/www.bmaq.org\/wp-content\/uploads\/2023\/11\/thumb-menu05.jpg 1024w\" sizes=\"auto, (max-width: 582px) 100vw, 582px\" \/><\/p>\n<p><strong>Les Sessions du Comit\u00e9 d\u2019Alqods <\/strong><\/p>\n<p>&#8211; La Vingti\u00e8me Session du Comit\u00e9 d\u2019Alqods<strong> \u00a0<\/strong><\/p>\n<p>Marrakech : 17-18 janvier 2014<\/p>\n<p>La vingti\u00e8me session du Comit\u00e9 d\u2019Alqods, qui s&rsquo;est tenue les 17 et 18 janvier 2014 \u00e0 Marrakech sous la pr\u00e9sidence de Sa Majest\u00e9 le Roi Mohammed VI, en pr\u00e9sence du Pr\u00e9sident de l&rsquo;\u00c9tat de Palestine, M. Mahmoud Abbas, a constitu\u00e9 une nouvelle occasion de mettre en \u00e9vidence l&rsquo;efficacit\u00e9 de la diplomatie royale dirig\u00e9e vers la d\u00e9fense d\u2019Alqods.<\/p>\n<p>Cette diplomatie royale, bas\u00e9e sur une approche coh\u00e9rente et d\u00e9termin\u00e9e au service de la ville d\u2019Alqods et de ses habitants, a \u00e9t\u00e9 salu\u00e9e par les membres du Comit\u00e9 ainsi que par les repr\u00e9sentants des membres les plus influents dans la communaut\u00e9 internationale, en particulier ceux des Nations Unies et des cinq membres permanents du Conseil de s\u00e9curit\u00e9, qui ont particip\u00e9 aux travaux de la session du Comit\u00e9 \u00e0 Marrakech.<\/p>\n<p>Au cours des s\u00e9ances d&rsquo;ouverture et de cl\u00f4ture de cette r\u00e9union historique, Sa Majest\u00e9 le Roi a adress\u00e9 un message fort contre la politique de colonisation isra\u00e9lienne et les tentatives r\u00e9p\u00e9t\u00e9es des autorit\u00e9s isra\u00e9liennes de modifier le statut de la ville sainte. Il a \u00e9galement annonc\u00e9 une feuille de route, largement soutenue par les pays islamiques, les Nations Unies et les grandes puissances impliqu\u00e9es dans le processus de paix, visant \u00e0 le ramener sur la bonne voie \u00e0 travers des recommandations concr\u00e8tes.<\/p>\n<p>La d\u00e9claration finale de la vingti\u00e8me session du Comit\u00e9 d\u2019Alqods, qui a \u00e9t\u00e9 approuv\u00e9e selon une approche consensuelle, t\u00e9moigne de l&rsquo;engagement des membres du Comit\u00e9 envers les principes, les d\u00e9marches et la vision de Sa Majest\u00e9 le Roi Mohammed VI.<\/p>\n<p>La d\u00e9claration a salu\u00e9 les efforts d\u00e9ploy\u00e9s par Sa Majest\u00e9 le Roi Mohammed VI, Pr\u00e9sident du Comit\u00e9 d\u2019Alqods, pour prot\u00e9ger les sites sacr\u00e9s islamiques et chr\u00e9tiens de la ville sainte, louant ses nobles positions et ses efforts constants pour d\u00e9fendre Alqods et ses lieux saints.<\/p>\n<p>La session de Marrakech a introduit une nouvelle approche proposant de faire du Comit\u00e9 d\u2019Alqods un instrument pour l&rsquo;action politique, avec des projets concrets sur le terrain. Dans l&rsquo;ensemble, cette session a constitu\u00e9 une plateforme pour un engagement durable.<\/p>\n<p>La d\u00e9claration finale de la vingti\u00e8me session du Comit\u00e9 a soulign\u00e9 que la nation islamique attend de la communaut\u00e9 internationale qu&rsquo;elle assume pleinement ses responsabilit\u00e9s pour \u00ab\u00a0sauver Alqods, pr\u00e9server son patrimoine humain et culturel universel, prot\u00e9ger son statut \u00e9ducatif, d\u00e9mographique et culturel, et faire pression sur Isra\u00ebl pour mettre fin \u00e0 toutes les pratiques coloniales visant \u00e0 modifier le statut l\u00e9gal de la ville sainte\u00a0\u00bb.<\/p>\n<p>La r\u00e9alisation de cet objectif demeure conditionn\u00e9e, comme l&rsquo;a soulign\u00e9 Sa Majest\u00e9 le Roi, \u00e0 l&rsquo;unit\u00e9 de la nation islamique et \u00e0 une action efficace, marqu\u00e9e par le plus haut degr\u00e9 de solidarit\u00e9 et d&rsquo;engagement contre les man\u0153uvres isra\u00e9liennes visant \u00e0 juda\u00efser la ville sainte et \u00e0 alt\u00e9rer son identit\u00e9 historique, culturelle et humaine.<\/p>\n<p>Dans ce contexte, Sa Majest\u00e9 a d\u00e9clar\u00e9 : \u00ab\u00a0Cela refl\u00e8te notre engagement, en tant que pr\u00e9sident du Comit\u00e9 d\u2019Alqods, envers nos fr\u00e8res palestiniens et envers leur autorit\u00e9 nationale l\u00e9gitime, dirig\u00e9e par le fr\u00e8re Abu Mazen. Nous nous engageons \u00e0 poursuivre nos efforts pour soutenir leur r\u00e9silience, faire avancer le processus de paix, dont l&rsquo;essence est la r\u00e9solution \u00e9quitable de la question d\u2019Alqods.\u00a0\u00bb<\/p>\n","protected":false},"excerpt":{"rendered":"<p>Les Sessions du Comit\u00e9 d\u2019Alqods &#8211; La Vingti\u00e8me Session du Comit\u00e9 d\u2019Alqods \u00a0 Marrakech : 17-18 janvier 2014 La vingti\u00e8me session du Comit\u00e9 d\u2019Alqods, qui s&rsquo;est tenue les 17 et 18 janvier 2014 \u00e0 Marrakech sous la pr\u00e9sidence de Sa Majest\u00e9 le Roi Mohammed VI, en pr\u00e9sence du Pr\u00e9sident de l&rsquo;\u00c9tat de Palestine, M. Mahmoud&hellip;<\/p>\n","protected":false},"author":2,"featured_media":0,"parent":6352,"menu_order":0,"comment_status":"closed","ping_status":"closed","template":"","meta":{"inline_featured_image":false,"footnotes":""},"class_list":["post-6372","page","type-page","status-publish","hentry","description-off"],"_links":{"self":[{"href":"https:\/\/www.bmaq.org\/fr\/wp-json\/wp\/v2\/pages\/6372","targetHints":{"allow":["GET"]}}],"collection":[{"href":"https:\/\/www.bmaq.org\/fr\/wp-json\/wp\/v2\/pages"}],"about":[{"href":"https:\/\/www.bmaq.org\/fr\/wp-json\/wp\/v2\/types\/page"}],"author":[{"embeddable":true,"href":"https:\/\/www.bmaq.org\/fr\/wp-json\/wp\/v2\/users\/2"}],"replies":[{"embeddable":true,"href":"https:\/\/www.bmaq.org\/fr\/wp-json\/wp\/v2\/comments?post=6372"}],"version-history":[{"count":1,"href":"https:\/\/www.bmaq.org\/fr\/wp-json\/wp\/v2\/pages\/6372\/revisions"}],"predecessor-version":[{"id":6373,"href":"https:\/\/www.bmaq.org\/fr\/wp-json\/wp\/v2\/pages\/6372\/revisions\/6373"}],"up":[{"embeddable":true,"href":"https:\/\/www.bmaq.org\/fr\/wp-json\/wp\/v2\/pages\/6352"}],"wp:attachment":[{"href":"https:\/\/www.bmaq.org\/fr\/wp-json\/wp\/v2\/media?parent=6372"}],"curies":[{"name":"wp","href":"https:\/\/api.w.org\/{rel}","templated":true}]}}