{"id":6367,"date":"2023-09-26T16:35:08","date_gmt":"2023-09-26T13:35:08","guid":{"rendered":"https:\/\/www.bmaq.org\/comite-dalqods\/%d8%a7%d9%84%d9%85%d9%87%d8%a7%d9%85\/"},"modified":"2023-12-20T16:44:03","modified_gmt":"2023-12-20T13:44:03","slug":"les-missions","status":"publish","type":"page","link":"https:\/\/www.bmaq.org\/fr\/comite-dalqods\/les-missions\/","title":{"rendered":"Les missions"},"content":{"rendered":"<div class=\"wpb-content-wrapper\"><p>[vc_row][vc_column width=\u00a0\u00bb1\/6&Prime;][\/vc_column][vc_column width=\u00a0\u00bb2\/3&Prime;][vc_column_text css=\u00a0\u00bb.vc_custom_1703079840224{margin-bottom: 20px !important;}\u00a0\u00bb]<\/p>\n<p style=\"text-align: right;\"><img loading=\"lazy\" decoding=\"async\" class=\" wp-image-677 aligncenter\" src=\"https:\/\/www.bmaq.org\/wp-content\/uploads\/2023\/10\/2-Marrakech-11-12-mars-1980-1024x681-1-300x200.jpg\" alt=\"\" width=\"641\" height=\"427\" srcset=\"https:\/\/www.bmaq.org\/wp-content\/uploads\/2023\/10\/2-Marrakech-11-12-mars-1980-1024x681-1-300x200.jpg 300w, https:\/\/www.bmaq.org\/wp-content\/uploads\/2023\/10\/2-Marrakech-11-12-mars-1980-1024x681-1-768x511.jpg 768w, https:\/\/www.bmaq.org\/wp-content\/uploads\/2023\/10\/2-Marrakech-11-12-mars-1980-1024x681-1.jpg 1024w\" sizes=\"auto, (max-width: 641px) 100vw, 641px\" \/><\/p>\n<p>[\/vc_column_text][vc_column_text]<\/p>\n<h4>Les missions du Comit\u00e9 d\u2019Alqods se r\u00e9partissent en deux volets :<\/h4>\n<p><strong>Premier volet : Volet politique et diplomatique<\/strong><\/p>\n<p>Le Comit\u00e9 \u0153uvre \u00e0 soutenir toutes les initiatives visant \u00e0 instaurer une paix juste et globale dans la r\u00e9gion, en particulier en affirmant la souverainet\u00e9 sur Alqods, y compris le Haram Al-Sharif et tous les lieux saints chr\u00e9tiens et islamiques, qui font partie des territoires palestiniens occup\u00e9s depuis juin 1967.<\/p>\n<p><strong>Deuxi\u00e8me volet : Volet social sur le terrain<\/strong><\/p>\n<p>Elle se pr\u00e9occupe de la protection de la ville sainte, de la pr\u00e9servation de son patrimoine religieux, culturel et humain, et de la r\u00e9sistance aux projets de sa juda\u00efsation, aux tentatives d&rsquo;effacement de son identit\u00e9 arabe et islamique, de modification de son statut l\u00e9gal, et de perturbation de son \u00e9quilibre naturel, d\u00e9mographique, urbain et environnemental. Elle \u0153uvre \u00e9galement \u00e0 la mise en \u0153uvre de projets sociaux ayant un impact concret sur les habitants de la ville dans divers aspects de leur vie quotidienne.[\/vc_column_text][\/vc_column][vc_column width=\u00a0\u00bb1\/6&Prime;][\/vc_column][\/vc_row]<\/p>\n<\/div>","protected":false},"excerpt":{"rendered":"<p>[vc_row][vc_column width=\u00a0\u00bb1\/6&Prime;][\/vc_column][vc_column width=\u00a0\u00bb2\/3&Prime;][vc_column_text css=\u00a0\u00bb.vc_custom_1703079840224{margin-bottom: 20px !important;}\u00a0\u00bb] [\/vc_column_text][vc_column_text] Les missions du Comit\u00e9 d\u2019Alqods se r\u00e9partissent en deux volets : Premier volet : Volet politique et diplomatique Le Comit\u00e9 \u0153uvre \u00e0 soutenir toutes les initiatives visant \u00e0 instaurer une paix juste et globale dans la r\u00e9gion, en particulier en affirmant la souverainet\u00e9 sur Alqods, y compris le&hellip;<\/p>\n","protected":false},"author":1,"featured_media":0,"parent":6352,"menu_order":0,"comment_status":"closed","ping_status":"closed","template":"","meta":{"inline_featured_image":false,"footnotes":""},"class_list":["post-6367","page","type-page","status-publish","hentry","description-off"],"_links":{"self":[{"href":"https:\/\/www.bmaq.org\/fr\/wp-json\/wp\/v2\/pages\/6367","targetHints":{"allow":["GET"]}}],"collection":[{"href":"https:\/\/www.bmaq.org\/fr\/wp-json\/wp\/v2\/pages"}],"about":[{"href":"https:\/\/www.bmaq.org\/fr\/wp-json\/wp\/v2\/types\/page"}],"author":[{"embeddable":true,"href":"https:\/\/www.bmaq.org\/fr\/wp-json\/wp\/v2\/users\/1"}],"replies":[{"embeddable":true,"href":"https:\/\/www.bmaq.org\/fr\/wp-json\/wp\/v2\/comments?post=6367"}],"version-history":[{"count":3,"href":"https:\/\/www.bmaq.org\/fr\/wp-json\/wp\/v2\/pages\/6367\/revisions"}],"predecessor-version":[{"id":6371,"href":"https:\/\/www.bmaq.org\/fr\/wp-json\/wp\/v2\/pages\/6367\/revisions\/6371"}],"up":[{"embeddable":true,"href":"https:\/\/www.bmaq.org\/fr\/wp-json\/wp\/v2\/pages\/6352"}],"wp:attachment":[{"href":"https:\/\/www.bmaq.org\/fr\/wp-json\/wp\/v2\/media?parent=6367"}],"curies":[{"name":"wp","href":"https:\/\/api.w.org\/{rel}","templated":true}]}}