{"id":6352,"date":"2023-09-26T16:26:08","date_gmt":"2023-09-26T13:26:08","guid":{"rendered":"https:\/\/www.bmaq.org\/comite-dalqods\/"},"modified":"2024-02-02T03:13:23","modified_gmt":"2024-02-02T00:13:23","slug":"comite-dalqods","status":"publish","type":"page","link":"https:\/\/www.bmaq.org\/fr\/comite-dalqods\/","title":{"rendered":"Comit\u00e9 d\u2019Alqods"},"content":{"rendered":"<div class=\"wpb-content-wrapper\"><p>[vc_row][vc_column width=\u00a0\u00bb1\/6&Prime;][\/vc_column][vc_column width=\u00a0\u00bb2\/3&Prime;][vc_column_text]<img loading=\"lazy\" decoding=\"async\" class=\"wp-image-846 aligncenter\" src=\"https:\/\/www.bmaq.org\/wp-content\/uploads\/2023\/11\/WhatsApp-Image-2023-11-13-at-10.52.57-300x200.jpeg\" alt=\"\" width=\"581\" height=\"387\" srcset=\"https:\/\/www.bmaq.org\/wp-content\/uploads\/2023\/11\/WhatsApp-Image-2023-11-13-at-10.52.57-300x200.jpeg 300w, https:\/\/www.bmaq.org\/wp-content\/uploads\/2023\/11\/WhatsApp-Image-2023-11-13-at-10.52.57-768x512.jpeg 768w, https:\/\/www.bmaq.org\/wp-content\/uploads\/2023\/11\/WhatsApp-Image-2023-11-13-at-10.52.57.jpeg 1024w\" sizes=\"auto, (max-width: 581px) 100vw, 581px\" \/><\/p>\n<p>&nbsp;<\/p>\n<p style=\"text-align: left;\"><strong>Comit\u00e9 d\u2019Alqods<\/strong><\/p>\n<p>Une Institution Arabo-Islamique a \u00e9t\u00e9 form\u00e9e en 1975 par les pays membres de l&rsquo;Organisation de la coop\u00e9ration islamique, en reconnaissance du statut particulier d\u2019Alqods Acharif dans le c\u0153ur de tous les Arabes et musulmans, et en concr\u00e9tisation de l&rsquo;importance accord\u00e9e par les \u00c9tats Membres \u00e0 la pr\u00e9servation de la ville sainte et \u00e0 la sauvegarde de son patrimoine religieux et culturel.<\/p>\n<p>La pr\u00e9sidence du Comit\u00e9 d\u2019Alqods a \u00e9t\u00e9 confi\u00e9e \u00e0 feu Roi du Maroc sa Majest\u00e9 \u00a0Hassan II en reconnaissance de ses efforts, que Dieu ait son \u00e2me, dans la coordination des efforts arabes et islamiques visant \u00e0 r\u00e9tablir les droits l\u00e9gitimes du peuple palestinien. Son successeur, Sa Majest\u00e9 le Roi Mohammed VI, que Dieu le garde, continue de porter cette responsabilit\u00e9 avec d\u00e9vouement et comp\u00e9tence.[\/vc_column_text][\/vc_column][vc_column width=\u00a0\u00bb1\/6&Prime;][\/vc_column][\/vc_row]<\/p>\n<\/div>","protected":false},"excerpt":{"rendered":"<p>[vc_row][vc_column width=\u00a0\u00bb1\/6&Prime;][\/vc_column][vc_column width=\u00a0\u00bb2\/3&Prime;][vc_column_text] &nbsp; Comit\u00e9 d\u2019Alqods Une Institution Arabo-Islamique a \u00e9t\u00e9 form\u00e9e en 1975 par les pays membres de l&rsquo;Organisation de la coop\u00e9ration islamique, en reconnaissance du statut particulier d\u2019Alqods Acharif dans le c\u0153ur de tous les Arabes et musulmans, et en concr\u00e9tisation de l&rsquo;importance accord\u00e9e par les \u00c9tats Membres \u00e0 la pr\u00e9servation de la&hellip;<\/p>\n","protected":false},"author":1,"featured_media":0,"parent":0,"menu_order":0,"comment_status":"closed","ping_status":"closed","template":"","meta":{"inline_featured_image":false,"footnotes":""},"class_list":["post-6352","page","type-page","status-publish","hentry","description-off"],"_links":{"self":[{"href":"https:\/\/www.bmaq.org\/fr\/wp-json\/wp\/v2\/pages\/6352","targetHints":{"allow":["GET"]}}],"collection":[{"href":"https:\/\/www.bmaq.org\/fr\/wp-json\/wp\/v2\/pages"}],"about":[{"href":"https:\/\/www.bmaq.org\/fr\/wp-json\/wp\/v2\/types\/page"}],"author":[{"embeddable":true,"href":"https:\/\/www.bmaq.org\/fr\/wp-json\/wp\/v2\/users\/1"}],"replies":[{"embeddable":true,"href":"https:\/\/www.bmaq.org\/fr\/wp-json\/wp\/v2\/comments?post=6352"}],"version-history":[{"count":10,"href":"https:\/\/www.bmaq.org\/fr\/wp-json\/wp\/v2\/pages\/6352\/revisions"}],"predecessor-version":[{"id":8678,"href":"https:\/\/www.bmaq.org\/fr\/wp-json\/wp\/v2\/pages\/6352\/revisions\/8678"}],"wp:attachment":[{"href":"https:\/\/www.bmaq.org\/fr\/wp-json\/wp\/v2\/media?parent=6352"}],"curies":[{"name":"wp","href":"https:\/\/api.w.org\/{rel}","templated":true}]}}