{"id":7090,"date":"2023-09-26T16:49:35","date_gmt":"2023-09-26T13:49:35","guid":{"rendered":"https:\/\/www.bmaq.org\/?page_id=7090"},"modified":"2024-01-08T13:47:07","modified_gmt":"2024-01-08T10:47:07","slug":"housing","status":"publish","type":"page","link":"https:\/\/www.bmaq.org\/en\/projects\/housing\/","title":{"rendered":"Housing"},"content":{"rendered":"<p>&nbsp;<\/p>\n<p><img loading=\"lazy\" decoding=\"async\" class=\" wp-image-721 aligncenter\" src=\"https:\/\/www.bmaq.org\/wp-content\/uploads\/2023\/10\/\u0627\u0644\u0648\u0641\u062f-\u0627\u0644\u0645\u063a\u0631\u0628\u064a-\u0627\u0644\u0645\u0639\u0645\u0627\u0631\u064a-300x169.jpg\" alt=\"\" width=\"859\" height=\"484\" srcset=\"https:\/\/www.bmaq.org\/wp-content\/uploads\/2023\/10\/\u0627\u0644\u0648\u0641\u062f-\u0627\u0644\u0645\u063a\u0631\u0628\u064a-\u0627\u0644\u0645\u0639\u0645\u0627\u0631\u064a-300x169.jpg 300w, https:\/\/www.bmaq.org\/wp-content\/uploads\/2023\/10\/\u0627\u0644\u0648\u0641\u062f-\u0627\u0644\u0645\u063a\u0631\u0628\u064a-\u0627\u0644\u0645\u0639\u0645\u0627\u0631\u064a-768x432.jpg 768w, https:\/\/www.bmaq.org\/wp-content\/uploads\/2023\/10\/\u0627\u0644\u0648\u0641\u062f-\u0627\u0644\u0645\u063a\u0631\u0628\u064a-\u0627\u0644\u0645\u0639\u0645\u0627\u0631\u064a.jpg 1024w\" sizes=\"auto, (max-width: 859px) 100vw, 859px\" \/><\/p>\n<p>&nbsp;<\/p>\n<p>Le montant total des projets et programmes r\u00e9alis\u00e9s dans le secteur du logement, de la restauration du patrimoine et des b\u00e2timents historiques entre 2000 et 2020 s&#8217;\u00e9l\u00e8ve \u00e0 9,5 millions de dollars.<\/p>\n<p style=\"text-align: right;\">\n","protected":false},"excerpt":{"rendered":"<p>&nbsp; &nbsp; Le montant total des projets et programmes r\u00e9alis\u00e9s dans le secteur du logement, de la restauration du patrimoine et des b\u00e2timents historiques entre 2000 et 2020 s&#8217;\u00e9l\u00e8ve \u00e0 9,5 millions de dollars.<\/p>\n","protected":false},"author":2,"featured_media":0,"parent":7085,"menu_order":0,"comment_status":"closed","ping_status":"closed","template":"","meta":{"inline_featured_image":false,"footnotes":""},"class_list":["post-7090","page","type-page","status-publish","hentry","description-off"],"_links":{"self":[{"href":"https:\/\/www.bmaq.org\/en\/wp-json\/wp\/v2\/pages\/7090","targetHints":{"allow":["GET"]}}],"collection":[{"href":"https:\/\/www.bmaq.org\/en\/wp-json\/wp\/v2\/pages"}],"about":[{"href":"https:\/\/www.bmaq.org\/en\/wp-json\/wp\/v2\/types\/page"}],"author":[{"embeddable":true,"href":"https:\/\/www.bmaq.org\/en\/wp-json\/wp\/v2\/users\/2"}],"replies":[{"embeddable":true,"href":"https:\/\/www.bmaq.org\/en\/wp-json\/wp\/v2\/comments?post=7090"}],"version-history":[{"count":1,"href":"https:\/\/www.bmaq.org\/en\/wp-json\/wp\/v2\/pages\/7090\/revisions"}],"predecessor-version":[{"id":7091,"href":"https:\/\/www.bmaq.org\/en\/wp-json\/wp\/v2\/pages\/7090\/revisions\/7091"}],"up":[{"embeddable":true,"href":"https:\/\/www.bmaq.org\/en\/wp-json\/wp\/v2\/pages\/7085"}],"wp:attachment":[{"href":"https:\/\/www.bmaq.org\/en\/wp-json\/wp\/v2\/media?parent=7090"}],"curies":[{"name":"wp","href":"https:\/\/api.w.org\/{rel}","templated":true}]}}